{"id":999,"date":"2021-08-03T13:57:43","date_gmt":"2021-08-03T11:57:43","guid":{"rendered":"https:\/\/volcomoutlet.ch\/privacy-policy\/"},"modified":"2024-07-03T10:33:42","modified_gmt":"2024-07-03T08:33:42","slug":"privacy-policy","status":"publish","type":"page","link":"https:\/\/boarderspoint-outlet.ch\/de\/privacy-policy\/","title":{"rendered":"IMPRESSUM &#038; DATENSCHUTZ"},"content":{"rendered":"<h1>IMPRESSUM &amp; DATENSCHUTZ<\/h1>\n<p>&nbsp;<\/p>\n<h3><span class=\"style2\">BETREIBER DER WEBSEITE<\/span><\/h3>\n<p class=\"font_7\"><span class=\"color_11\">vision-o GmbH<br \/>\n<\/span><span class=\"color_11\">Warpelstrasse 10<br \/>\n<\/span><span class=\"color_11\">3186 D\u00fcdingen<br \/>\n<\/span><span class=\"color_11\">CHE-436.650.539<\/span><\/p>\n<p><a><i class=\"glyphicon blicon-mail md\"><\/i> Send e-mail<\/a><\/p>\n<p>&nbsp;<\/p>\n<h3><span class=\"style2\"><span class=\"style3\"><span class=\"style1\">WEB DESIGN | CODING | SEO<\/span><\/span><\/span><\/h3>\n<p><span class=\"style26\"><a class=\"customize-unpreviewable\" title=\"influsence \" href=\"http:\/\/www.influsence.ch\/\" target=\"_blank\" rel=\"noopener noreferrer\">influsence.ch<\/a><\/span><\/p>\n<p>&nbsp;<\/p>\n<p>&nbsp;<\/p>\n<hr \/>\n<h3><span class=\"style26\"><span class=\"style60\">HAFTUNGSAUSSCHLUSS<\/span><\/span><\/h3>\n<p>Die Inhalte unserer Website werden mit gr\u00f6\u00dftm\u00f6glicher Sorgfalt und nach bestem Wissen erstellt. F\u00fcr die Aktualit\u00e4t, Vollst\u00e4ndigkeit und Richtigkeit der Seiten k\u00f6nnen wir jedoch keine Gew\u00e4hr \u00fcbernehmen. Unsere Website enth\u00e4lt Verkn\u00fcpfungen zu Websites Dritter (\u201eexterne Links\u201c). Da wir auf deren Inhalte keinen Einfluss haben, k\u00f6nnen wir f\u00fcr diese fremden Inhalte auch keine Gew\u00e4hr \u00fcbernehmen. Die auf dieser Website ver\u00f6ffentlichten Inhalte und Werke unterliegen dem Urheberrecht.<\/p>\n<hr \/>\n<p>&nbsp;<\/p>\n<p>&nbsp;<\/p>\n<h3 class=\"f-fp\">DATENSCHUTZERKL\u00c4RUNG<\/h3>\n<p>Die Betreiber dieser Seiten nehmen den Schutz Ihrer pers\u00f6nlichen Daten sehr ernst. Wir behandeln Ihre personenbezogenen Daten vertraulich und entsprechend den gesetzlichen Datenschutzvorschriften sowie dieser Datenschutzerkl\u00e4rung. Die Nutzung unserer Website ist in der Regel ohne Angabe personenbezogener Daten m\u00f6glich. Soweit auf unseren Seiten personenbezogene Daten (beispielsweise Name, Anschrift oder E-Mail-Adressen) erhoben werden, erfolgt dies, soweit m\u00f6glich, stets auf freiwilliger Basis. Wir weisen darauf hin, dass die Daten\u00fcbertragung im Internet (z.B. bei der Kommunikation per E-Mail) Sicherheitsl\u00fccken aufweisen kann. Ein l\u00fcckenloser Schutz der Daten vor dem Zugriff durch Dritte ist nicht m\u00f6glich.<\/p>\n<p>&nbsp;<\/p>\n<p><strong>Umgang mit personenbezogenen Daten<\/strong><br \/>\nDer Websitebetreiber erhebt, nutzt und gibt Ihre personenbezogenen Daten nur dann weiter, wenn dies im gesetzlichen Rahmen erlaubt ist oder Sie in die Datenerhebung einwilligen. Als personenbezogene Daten gelten s\u00e4mtliche Informationen, welche dazu dienen, Ihre Person zu bestimmen und welche zu Ihnen zur\u00fcckverfolgt werden k\u00f6nnen \u2013 also beispielsweise Ihr Name, Ihre E-Mail-Adresse und Telefonnummer.<\/p>\n<p>&nbsp;<\/p>\n<p><strong>Umgang mit Kontaktdaten<\/strong><br \/>\nNehmen Sie mit dem Websitebetreiber durch die angebotenen Kontaktm\u00f6glichkeiten Verbindung auf, werden Ihre Angaben gespeichert, damit auf diese zur Bearbeitung und Beantwortung Ihrer Anfrage zur\u00fcckgegriffen werden kann. Ohne Ihre Einwilligung werden diese Daten nicht an Dritte weitergegeben.<\/p>\n<p>&nbsp;<\/p>\n<p><strong>Cookies<\/strong><br \/>\nDie Internetseiten verwenden teilweise so genannte Cookies. Cookies richten auf Ihrem Rechner keinen Schaden an und enthalten keine Viren. Cookies dienen dazu, unser Angebot nutzerfreundlicher, effektiver und sicherer zu machen. Cookies sind kleine Textdateien, die auf Ihrem Rechner abgelegt werden und die Ihr Browser speichert. Die meisten der von uns verwendeten Cookies sind so genannte \u201eSession-Cookies\u201c. Sie werden nach Ende Ihres Besuchs automatisch gel\u00f6scht. Andere Cookies bleiben auf Ihrem Endger\u00e4t gespeichert, bis Sie diese l\u00f6schen. Diese Cookies erm\u00f6glichen es uns, Ihren Browser beim n\u00e4chsten Besuch wiederzuerkennen. Sie k\u00f6nnen Ihren Browser so einstellen, dass Sie \u00fcber das Setzen von Cookies informiert werden und Cookies nur im Einzelfall erlauben, die Annahme von Cookies f\u00fcr bestimmte F\u00e4lle oder generell ausschlie\u00dfen sowie das automatische L\u00f6schen der Cookies beim Schlie\u00dfen des Browser aktivieren. Bei der Deaktivierung von Cookies kann die Funktionalit\u00e4t dieser Website eingeschr\u00e4nkt sein.<\/p>\n<p>&nbsp;<\/p>\n<p><strong>Hosting Provider &amp; Server-LogFiles<\/strong><br \/>\nDer Provider der Seiten erhebt und speichert automatisch Informationen in so genannten Server-Log Files, die Ihr Browser automatisch an uns \u00fcbermittelt. Dies sind:<\/p>\n<p>\u2022 \u00a0IP-Adresse<br \/>\n\u2022 \u00a0Browsertyp und Browserversion<br \/>\n\u2022 \u00a0verwendetes Betriebssystem<br \/>\n\u2022 \u00a0Referrer URL<br \/>\n\u2022 \u00a0Hostname des zugreifenden Rechners<br \/>\n\u2022 \u00a0Uhrzeit der Serveranfrage<\/p>\n<p>Diese Daten sind nicht direkt bestimmten Personen zuordenbar. Eine Zusammenf\u00fchrung dieser Daten mit anderen Datenquellen wird nicht vorgenommen. Wir behalten uns vor, diese Daten nachtr\u00e4glich zu pr\u00fcfen, wenn uns konkrete Anhaltspunkte f\u00fcr eine rechtswidrige Nutzung bekannt werden. Diese Daten sowie alle Daten dieser Website werden bei unserem Provider Informaniak Network SA, Rue Eug\u00e8ne-Marziano 25, 1227 Gen\u00e8ve\u00a0gespeichert, deren Datenschutzerkl\u00e4rung Sie <a class=\"customize-unpreviewable\" href=\"https:\/\/www.infomaniak.com\/de\/agb\/datenschutzrichtlinien\" target=\"_blank\" rel=\"noopener noreferrer\">&gt;&gt; hier finden<\/a><\/p>\n<p>&nbsp;<\/p>\n<p><strong>SSL-Verschl\u00fcsselung<\/strong><br \/>\nDiese Seite nutzt aus Gr\u00fcnden der Sicherheit und zum Schutz der \u00dcbertragung vertraulicher Inhalte, wie zum Beispiel der Anfragen, die Sie an uns als Seitenbetreiber senden, eine SSL-Verschl\u00fcsselung. Eine verschl\u00fcsselte Verbindung erkennen Sie daran, dass die Adresszeile des Browsers von \u201ehttp:\/\/\u201c auf \u201ehttps:\/\/\u201c wechselt und an dem Schloss-Symbol in Ihrer Browserzeile.<br \/>\nWenn die SSL Verschl\u00fcsselung aktiviert ist, k\u00f6nnen die Daten, die Sie an uns \u00fcbermitteln, nicht von Dritten mitgelesen werden.<\/p>\n<p>&nbsp;<\/p>\n<p><strong>Kontaktformular<\/strong><br \/>\nWenn Sie uns per Kontaktformular Anfragen zukommen lassen, werden Ihre Angaben aus dem Anfrageformular inklusive der von Ihnen dort angegebenen Kontaktdaten inklusive IP-Adresse zwecks Bearbeitung der Anfrage und f\u00fcr den Fall von Anschlussfragen bei uns gespeichert. Diese Daten geben wir nicht ohne Ihre Einwilligung weiter.<\/p>\n<p>&nbsp;<\/p>\n<p><strong>Google Analytics<\/strong><br \/>\nDiese Website nutzt Funktionen des Webanalysedienstes Google Analytics. Anbieter ist die Google Inc., 1600 Amphitheatre Parkway Mountain View, CA 94043, USA. Google Analytics verwendet so genannte \u201eCookies\u201c. Das sind Textdateien, die auf Ihrem Computer gespeichert werden und die eine Analyse der Benutzung der Website durch Sie erm\u00f6glichen. Die durch den Cookie erzeugten Informationen \u00fcber Ihre Benutzung dieser Website werden in der Regel an einen Server von Google in den USA \u00fcbertragen und dort gespeichert.<\/p>\n<p>&nbsp;<\/p>\n<p><strong>IP Anonymisierung<\/strong><br \/>\nWir haben auf dieser Website die Funktion IP-Anonymisierung aktiviert. Dadurch wird Ihre IP-Adresse von Google innerhalb von Mitgliedstaaten der Europ\u00e4ischen Union oder in anderen Vertragsstaaten des Abkommens \u00fcber den Europ\u00e4ischen Wirtschaftsraum vor der \u00dcbermittlung in die USA gek\u00fcrzt. Nur in Ausnahmef\u00e4llen wird die volle IP-Adresse an einen Server von Google in den USA \u00fcbertragen und dort gek\u00fcrzt. Im Auftrag des Betreibers dieser Website wird Google diese Informationen benutzen, um Ihre Nutzung der Website auszuwerten, um Reports \u00fcber die Websiteaktivit\u00e4ten zusammenzustellen und um weitere mit der Websitenutzung und der Internetnutzung verbundene Dienstleistungen gegen\u00fcber dem Websitebetreiber zu erbringen. Die im Rahmen von Google Analytics von Ihrem Browser \u00fcbermittelte IP-Adresse wird nicht mit anderen Daten von Google zusammengef\u00fchrt.<\/p>\n<p>&nbsp;<\/p>\n<p><strong>Browser Plugin<\/strong><br \/>\nSie k\u00f6nnen die Speicherung der Cookies durch eine entsprechende Einstellung Ihrer Browser-Software verhindern; wir weisen Sie jedoch darauf hin, dass Sie in diesem Fall gegebenenfalls nicht s\u00e4mtliche Funktionen dieser Website vollumf\u00e4nglich werden nutzen k\u00f6nnen. Sie k\u00f6nnen dar\u00fcber hinaus die Erfassung der durch den Cookie erzeugten und auf Ihre Nutzung der Website bezogenen Daten (inkl. Ihrer IP-Adresse) an Google sowie die Verarbeitung dieser Daten durch Google verhindern, indem Sie das unter dem folgenden Link verf\u00fcgbare <a class=\"customize-unpreviewable\" href=\"https:\/\/tools.google.com\/dlpage\/gaoptout?hl=de\" target=\"_blank\" rel=\"noopener noreferrer\">Browser-Plugin herunterladen und installieren<\/a><\/p>\n<p>Mehr Informationen zum Umgang mit Nutzerdaten bei Google Analytics finden Sie in der <a class=\"customize-unpreviewable\" href=\"https:\/\/support.google.com\/analytics\/answer\/6004245?hl=de\" target=\"_blank\" rel=\"noopener noreferrer\">Datenschutzerkl\u00e4rung von Google<\/a><\/p>\n<p>&nbsp;<\/p>\n<p><strong>Auftragsdatenverarbeitung<\/strong><br \/>\nWir haben mit Google einen Vertrag zur Auftragsdatenverarbeitung abgeschlossen und setzen die strengen Vorgaben der Datenschutzbeh\u00f6rden bei der Nutzung von Google Analytics vollst\u00e4ndig um.<\/p>\n<p>&nbsp;<\/p>\n<p><strong>Google Fonts<\/strong><br \/>\nAuf dieser Website werden Google Fonts genutzt. Dazu muss aber aus technischen Gr\u00fcnden Ihre IP-Adresse an Google \u00fcbermittelt werden, damit die Schriftarten an Ihren Browser \u00fcbertragen werden k\u00f6nnen. Mehr Informationen von Google zu Google Fonts k\u00f6nnen Sie <a href=\"https:\/\/developers.google.com\/fonts\/faq\/privacy?hl=de\" target=\"_blank\" rel=\"noopener\">hier einsehen<\/a>.<br \/>\nUpdate: Seit dem 1. Juli 2023 werden die Google Fonts unserer Webseiten lokal von unserem Webserver geladen.<\/p>\n<p>&nbsp;<\/p>\n<p><strong>Google Maps<br \/>\n<\/strong><\/p>\n<p>Diese Website benutzt die\u00a0Google\u00a0Maps\u00a0API, einen Kartendienst der\u00a0Google\u00a0Inc.\u00a0(\u201cGoogle\u201d), zur Darstellung einer interaktiven Karte. Durch die Nutzung von\u00a0GoogleMaps\u00a0k\u00f6nnen Informationen \u00fcber Ihre Benutzung dieser Website (einschlie\u00dflich Ihrer\u00a0IP-Adresse) an einen\u00a0Servervon\u00a0Google\u00a0in den\u00a0USA\u00a0\u00fcbertragen und dort gespeichert werden.\u00a0Google\u00a0wird die durch\u00a0Analytics\u00a0&amp;\u00a0Maps\u00a0gewonnenen Informationen gegebenenfalls an Dritte \u00fcbertragen, sofern dies gesetzlich vorgeschrieben ist oder soweit Dritte diese Daten im Auftrag von\u00a0Google\u00a0verarbeiten.\u00a0Google\u00a0wird in keinem Fall Ihre\u00a0IP-Adresse mit anderen Daten von\u00a0Google\u00a0in Verbindung bringen. Trotzdem w\u00e4re es technisch m\u00f6glich, dass\u00a0Google\u00a0aufgrund der erhaltenen Daten eine Identifizierung zumindest einzelner Nutzenden vornehmen k\u00f6nnte. Es w\u00e4re m\u00f6glich, dass personenbezogene Daten und Pers\u00f6nlichkeitsprofile von Nutzern der\u00a0Website\u00a0von\u00a0Google\u00a0f\u00fcr andere Zwecke verarbeitet werden k\u00f6nnten, auf welche wir keinen Einfluss haben und haben k\u00f6nnen. Dies und die Tatsache, dass Daten in die\u00a0USA\u00a0\u00fcbermittelt werden, ist aus datenschutzrechtlichen Gr\u00fcnden problematisch.\u00a0Sie haben die M\u00f6glichkeit, den\u00a0Service\u00a0von\u00a0Google\u00a0Maps\u00a0auf einfache Art und Weise zu deaktivieren und somit den Datentransfer an Google zu verhindern: Deaktivieren Sie dazu\u00a0JavaScript\u00a0in Ihrem\u00a0Browser. Wir weisen Sie jedoch darauf hin, dass Sie in diesem Fall die Kartenanzeige nicht nutzen k\u00f6nnen.\u00a0Durch die Nutzung dieser\u00a0Website\u00a0und das Nichtdeaktivieren der\u00a0JavaScript-Funktion erkl\u00e4ren Sie ausdr\u00fccklich in Kenntnis der datenschutzrechtlichen Problematik, dass Sie mit der Bearbeitung der \u00fcber Sie erhobenen Daten durch\u00a0Google\u00a0in der zuvor beschriebenen Art und Weise und zu dem zuvor benannten Zweck einverstanden sind.<\/p>\n<p>Hier gehts zur Datenschutzerkl\u00e4rung von <a class=\"customize-unpreviewable\" href=\"https:\/\/privacy.google.com\/intl\/de_ALL\/#\" target=\"_blank\" rel=\"noopener noreferrer\">Google Datenschutzerkl\u00e4rung<\/a><\/p>\n<p>&nbsp;<\/p>\n<p><strong>YouTube<\/strong><br \/>\nUnsere Website nutzt Plugins der von Google betriebenen Seite YouTube. Betreiber der Seiten ist die YouTube, LLC, 901 Cherry Ave., San Bruno, CA 94066, USA. Wenn Sie eine unserer mit einem YouTube-Plugin ausgestatteten Seiten besuchen, wird eine Verbindung zu den Servern von YouTube hergestellt. Dabei wird dem Youtube-Server mitgeteilt, welche unserer Seiten Sie besucht haben. Wenn Sie in Ihrem YouTube-Account eingeloggt sind erm\u00f6glichen Sie YouTube, Ihr Surfverhalten direkt Ihrem pers\u00f6nlichen Profil zuzuordnen. Dies k\u00f6nnen Sie verhindern, indem Sie sich aus Ihrem YouTube-Account ausloggen.\u00a0Weitere Informationen zum Umgang von Nutzerdaten finden Sie in der Datenschutzerkl\u00e4rung von YouTube finden Sie <a class=\"customize-unpreviewable\" href=\"https:\/\/privacy.google.com\/intl\/de_ALL\/#\" target=\"_blank\" rel=\"noopener noreferrer\">hier.<\/a><\/p>\n<p>&nbsp;<\/p>\n<p><strong>Google reCaptcha<\/strong><b><br \/>\n<\/b>Wir verwenden den Google-Dienst reCaptcha, um festzustellen, ob ein Mensch oder ein Computer eine bestimmte Eingabe in unserem Kontakt- oder Newsletter-Formular macht. Google pr\u00fcft anhand folgender Daten, ob Sie ein Mensch oder ein Computer sind: IP-Adresse des verwendeten Endger\u00e4ts, die Webseite, die Sie bei uns besuchen und auf der das Captcha eingebunden ist, das Datum und die Dauer des Besuchs, die Erkennungsdaten des verwendeten Browser- und Betriebssystem-Typs, Google-Account, wenn Sie bei Google eingeloggt sind, Mausbewegungen auf den reCaptcha-Fl\u00e4chen sowie Aufgaben, bei denen Sie Bilder identifizieren m\u00fcssen. Rechtsgrundlage f\u00fcr die beschriebene Datenverarbeitung ist Art. 6 Abs. 1 lit. f Datenschutz-Grundverordnung. Es besteht ein berechtigtes Interesse auf unserer Seite an dieser Datenverarbeitung, die Sicherheit unserer Webseite zu gew\u00e4hrleisten und uns vor automatisierten Eingaben (Angriffen) zu sch\u00fctzen.<\/p>\n<p>&nbsp;<\/p>\n<p><strong>Recht auf Auskunft, L\u00f6schung, Sperrung<\/strong><br \/>\nSie haben jederzeit das Recht auf unentgeltliche Auskunft \u00fcber Ihre gespeicherten personenbezogenen Daten, deren Herkunft und Empf\u00e4nger und den Zweck der Datenverarbeitung sowie ein Recht auf Berichtigung, Sperrung oder L\u00f6schung dieser Daten. Hierzu sowie zu weiteren Fragen zum Thema personenbezogene Daten k\u00f6nnen Sie sich jederzeit unter der im Impressum\u00a0angegebenen Adresse an uns wenden.<\/p>\n","protected":false},"excerpt":{"rendered":"<p>IMPRESSUM &amp; DATENSCHUTZ &nbsp; BETREIBER DER WEBSEITE vision-o GmbH Warpelstrasse 10 3186 D\u00fcdingen CHE-436.650.539 Send e-mail &nbsp; WEB DESIGN | CODING | SEO influsence.ch &nbsp; &nbsp; HAFTUNGSAUSSCHLUSS Die Inhalte unserer Website werden mit gr\u00f6\u00dftm\u00f6glicher Sorgfalt und nach bestem Wissen erstellt. F\u00fcr die Aktualit\u00e4t, Vollst\u00e4ndigkeit und Richtigkeit der Seiten k\u00f6nnen wir &hellip;<\/p>\n","protected":false},"author":1,"featured_media":1207,"parent":0,"menu_order":0,"comment_status":"closed","ping_status":"open","template":"","meta":{"footnotes":""},"class_list":["post-999","page","type-page","status-publish","has-post-thumbnail","hentry"],"aioseo_notices":[],"_links":{"self":[{"href":"https:\/\/boarderspoint-outlet.ch\/de\/wp-json\/wp\/v2\/pages\/999","targetHints":{"allow":["GET"]}}],"collection":[{"href":"https:\/\/boarderspoint-outlet.ch\/de\/wp-json\/wp\/v2\/pages"}],"about":[{"href":"https:\/\/boarderspoint-outlet.ch\/de\/wp-json\/wp\/v2\/types\/page"}],"author":[{"embeddable":true,"href":"https:\/\/boarderspoint-outlet.ch\/de\/wp-json\/wp\/v2\/users\/1"}],"replies":[{"embeddable":true,"href":"https:\/\/boarderspoint-outlet.ch\/de\/wp-json\/wp\/v2\/comments?post=999"}],"version-history":[{"count":2,"href":"https:\/\/boarderspoint-outlet.ch\/de\/wp-json\/wp\/v2\/pages\/999\/revisions"}],"predecessor-version":[{"id":1050,"href":"https:\/\/boarderspoint-outlet.ch\/de\/wp-json\/wp\/v2\/pages\/999\/revisions\/1050"}],"wp:featuredmedia":[{"embeddable":true,"href":"https:\/\/boarderspoint-outlet.ch\/de\/wp-json\/wp\/v2\/media\/1207"}],"wp:attachment":[{"href":"https:\/\/boarderspoint-outlet.ch\/de\/wp-json\/wp\/v2\/media?parent=999"}],"curies":[{"name":"wp","href":"https:\/\/api.w.org\/{rel}","templated":true}]}}