{"id":1004,"date":"2017-02-23T12:36:50","date_gmt":"2017-02-23T11:36:50","guid":{"rendered":"https:\/\/volcomoutlet.ch\/home\/"},"modified":"2026-01-30T08:50:11","modified_gmt":"2026-01-30T07:50:11","slug":"home","status":"publish","type":"page","link":"https:\/\/boarderspoint-outlet.ch\/fr\/","title":{"rendered":"SPORTS OUTLET STORE"},"content":{"rendered":"<h1 style=\"text-align: center;\"><strong>L&rsquo;exp\u00e9rience d&rsquo;achat ultime pour tous les fans de sports d&rsquo;action et de plein air<\/strong><\/h1>\n<h4 style=\"text-align: center;\"><span style=\"color: #000000;\">Nous d\u00e9m\u00e9nageons &#8211; Soldes totales jusqu&rsquo;au 31 mars 2026 &#8211; 50 % \u00e0 70 % sur tout !<\/span><\/h4>\n<p>&nbsp;<\/p>\n<p style=\"text-align: center;\">Tu aimes le snowboard, le skateboard, le surf, le trekking, les voyages, la randonn\u00e9e et tout ce qui se fait en plein air ? Tu es tr\u00e8s exigeant avec ton mat\u00e9riel et tu aimes avoir du style ? Alors tu es un BOARDERSPOINTER ! Dans notre tout nouveau magasin d&rsquo;usine \u00e0 Guin ou dans notre boutique en ligne, tu trouveras tout ce que ton c\u0153ur d&rsquo;aventurier d\u00e9sire. Tu veux aller tout de suite dans la neige, la nature ou le skatepark et tu cherches encore une tenue ou un \u00e9quipement ad\u00e9quat ? Alors viens vite chez nous ou connecte-toi dans le shop en ligne et fais tes achats. Nous te livrons ta marchandise \u00e0 domicile dans les 24 heures.<\/p>\n<p style=\"text-align: center;\">Welcome to the BOARDERSPOINT-Family !<\/p>\n<p>&nbsp;<\/p>\n<p>&nbsp;<\/p>\n<p><img loading=\"lazy\" decoding=\"async\" class=\"alignnone size-full wp-image-1527\" src=\"https:\/\/boarderspoint-outlet.ch\/wp-content\/uploads\/2024\/07\/brandbanner_boarderspoint.gif\" alt=\"\" width=\"1920\" height=\"300\" \/><\/p>\n<p>&nbsp;<\/p>\n","protected":false},"excerpt":{"rendered":"<p>L&rsquo;exp\u00e9rience d&rsquo;achat ultime pour tous les fans de sports d&rsquo;action et de plein air Nous d\u00e9m\u00e9nageons &#8211; Soldes totales jusqu&rsquo;au 31 mars 2026 &#8211; 50 % \u00e0 70 % sur tout ! &nbsp; Tu aimes le snowboard, le skateboard, le surf, le trekking, les voyages, la randonn\u00e9e et tout ce &hellip;<\/p>\n","protected":false},"author":1,"featured_media":0,"parent":0,"menu_order":0,"comment_status":"closed","ping_status":"closed","template":"","meta":{"footnotes":""},"class_list":["post-1004","page","type-page","status-publish","hentry"],"aioseo_notices":[],"_links":{"self":[{"href":"https:\/\/boarderspoint-outlet.ch\/fr\/wp-json\/wp\/v2\/pages\/1004","targetHints":{"allow":["GET"]}}],"collection":[{"href":"https:\/\/boarderspoint-outlet.ch\/fr\/wp-json\/wp\/v2\/pages"}],"about":[{"href":"https:\/\/boarderspoint-outlet.ch\/fr\/wp-json\/wp\/v2\/types\/page"}],"author":[{"embeddable":true,"href":"https:\/\/boarderspoint-outlet.ch\/fr\/wp-json\/wp\/v2\/users\/1"}],"replies":[{"embeddable":true,"href":"https:\/\/boarderspoint-outlet.ch\/fr\/wp-json\/wp\/v2\/comments?post=1004"}],"version-history":[{"count":7,"href":"https:\/\/boarderspoint-outlet.ch\/fr\/wp-json\/wp\/v2\/pages\/1004\/revisions"}],"predecessor-version":[{"id":1643,"href":"https:\/\/boarderspoint-outlet.ch\/fr\/wp-json\/wp\/v2\/pages\/1004\/revisions\/1643"}],"wp:attachment":[{"href":"https:\/\/boarderspoint-outlet.ch\/fr\/wp-json\/wp\/v2\/media?parent=1004"}],"curies":[{"name":"wp","href":"https:\/\/api.w.org\/{rel}","templated":true}]}}