{"id":994,"date":"2021-08-04T15:21:27","date_gmt":"2021-08-04T13:21:27","guid":{"rendered":"https:\/\/volcomoutlet.ch\/standort-infos\/"},"modified":"2026-01-30T08:30:57","modified_gmt":"2026-01-30T07:30:57","slug":"standort-infos","status":"publish","type":"page","link":"https:\/\/boarderspoint-outlet.ch\/fr\/standort-infos\/","title":{"rendered":"LIEU &#038; INFOS"},"content":{"rendered":"<h1 style=\"text-align: center;\">LIEU DU MAGASIN &amp; INFOS<\/h1>\n<p style=\"text-align: center;\">Le Boarderspoint Outlet Store Switzerland est situ\u00e9 directement sur l&rsquo;autoroute A12 \u00e0 D\u00fcdingen (canton de Fribourg). Quittez l&rsquo;autoroute \u00e0 la sortie D\u00fcdingen et en moins d&rsquo;une minute vous \u00eates dans notre magasin. Notre magasin est ouvert du lundi au samedi.<\/p>\n<p>&nbsp;<\/p>\n<p>&nbsp;<\/p>\n<h4 style=\"text-align: center;\">HEURES D&rsquo;OUVERTURE<\/h4>\n<p style=\"text-align: center;\">Ferm\u00e9 le lundi, mardi &amp; mercredi<\/p>\n<p class=\"CenterAlign\" style=\"text-align: center;\"><strong><span class=\"style71\">Jeudi &#8211; Vendredi: <\/span><\/strong><\/p>\n<p class=\"CenterAlign\" style=\"text-align: center;\"><span class=\"style71\">10.00 &#8211; 12.30<\/span><\/p>\n<p class=\"CenterAlign\" style=\"text-align: center;\"><span class=\"style71\">13.30 &#8211; 18.30<\/span><\/p>\n<p class=\"CenterAlign\" style=\"text-align: center;\"><strong><span class=\"style71\">Samedi:<\/span><\/strong><\/p>\n<p class=\"CenterAlign\" style=\"text-align: center;\"><span class=\"style71\">09.00 &#8211; 16.00<\/span><\/p>\n<p>&nbsp;<\/p>\n<h4 class=\"CenterAlign\" style=\"text-align: center;\"><span class=\"style71\"><span class=\"style92\">ADRESSE<\/span><\/span><\/h4>\n<p class=\"CenterAlign\" style=\"text-align: center;\"><span class=\"style71\">Boarderspoint Outlet<br \/>\nWarpelstrasse 10<br \/>\n3186 D\u00fcdingen<\/span><\/p>\n<p>&nbsp;<\/p>\n<p style=\"text-align: center;\"><iframe loading=\"lazy\" style=\"border: 0;\" src=\"https:\/\/www.google.com\/maps\/embed?pb=!1m18!1m12!1m3!1d2728.137764120418!2d7.2001928131326345!3d46.86066123906788!2m3!1f0!2f0!3f0!3m2!1i1024!2i768!4f13.1!3m3!1m2!1s0x478e6bf05f1164d1%3A0xeef49a8a7c4a3736!2sboarderspoint.ch%20Factory%20Outlet%20Spyder%20Armada!5e0!3m2!1sde!2sch!4v1718374884937!5m2!1sde!2sch\" width=\"100%\" height=\"650\" allowfullscreen=\"allowfullscreen\"><\/iframe><\/p>\n<p>&nbsp;<\/p>\n<p>&nbsp;<\/p>\n<p><img loading=\"lazy\" decoding=\"async\" class=\"alignnone size-full wp-image-1527\" src=\"https:\/\/boarderspoint-outlet.ch\/wp-content\/uploads\/2024\/07\/brandbanner_boarderspoint.gif\" alt=\"\" width=\"1920\" height=\"300\" \/><\/p>\n","protected":false},"excerpt":{"rendered":"<p>LIEU DU MAGASIN &amp; INFOS Le Boarderspoint Outlet Store Switzerland est situ\u00e9 directement sur l&rsquo;autoroute A12 \u00e0 D\u00fcdingen (canton de Fribourg). Quittez l&rsquo;autoroute \u00e0 la sortie D\u00fcdingen et en moins d&rsquo;une minute vous \u00eates dans notre magasin. Notre magasin est ouvert du lundi au samedi. &nbsp; &nbsp; HEURES D&rsquo;OUVERTURE Ferm\u00e9 &hellip;<\/p>\n","protected":false},"author":1,"featured_media":1221,"parent":0,"menu_order":0,"comment_status":"closed","ping_status":"closed","template":"","meta":{"footnotes":""},"class_list":["post-994","page","type-page","status-publish","has-post-thumbnail","hentry"],"aioseo_notices":[],"_links":{"self":[{"href":"https:\/\/boarderspoint-outlet.ch\/fr\/wp-json\/wp\/v2\/pages\/994","targetHints":{"allow":["GET"]}}],"collection":[{"href":"https:\/\/boarderspoint-outlet.ch\/fr\/wp-json\/wp\/v2\/pages"}],"about":[{"href":"https:\/\/boarderspoint-outlet.ch\/fr\/wp-json\/wp\/v2\/types\/page"}],"author":[{"embeddable":true,"href":"https:\/\/boarderspoint-outlet.ch\/fr\/wp-json\/wp\/v2\/users\/1"}],"replies":[{"embeddable":true,"href":"https:\/\/boarderspoint-outlet.ch\/fr\/wp-json\/wp\/v2\/comments?post=994"}],"version-history":[{"count":6,"href":"https:\/\/boarderspoint-outlet.ch\/fr\/wp-json\/wp\/v2\/pages\/994\/revisions"}],"predecessor-version":[{"id":1626,"href":"https:\/\/boarderspoint-outlet.ch\/fr\/wp-json\/wp\/v2\/pages\/994\/revisions\/1626"}],"wp:featuredmedia":[{"embeddable":true,"href":"https:\/\/boarderspoint-outlet.ch\/fr\/wp-json\/wp\/v2\/media\/1221"}],"wp:attachment":[{"href":"https:\/\/boarderspoint-outlet.ch\/fr\/wp-json\/wp\/v2\/media?parent=994"}],"curies":[{"name":"wp","href":"https:\/\/api.w.org\/{rel}","templated":true}]}}